{"id":2,"date":"2026-03-11T13:01:25","date_gmt":"2026-03-11T13:01:25","guid":{"rendered":"https:\/\/unstoppablehiker.blog\/?page_id=2"},"modified":"2026-03-11T17:14:57","modified_gmt":"2026-03-11T17:14:57","slug":"sample-page","status":"publish","type":"page","link":"https:\/\/unstoppablehiker.blog\/?page_id=2","title":{"rendered":"O mne"},"content":{"rendered":"<p>&nbsp;<\/p>\n<p>&nbsp;<\/p>\n<p>Vol\u00e1m sa Viktor, som zo Slovenska a milujem hiking. V\u017edy som mal r\u00e1d pr\u00edrodu a hory, ale a\u017e po\u010das obdobia COVIDu sa m\u00f4j postoj zmenil a\u017e na &#8222;posadnutos\u0165&#8220;. Za\u010d\u00ednal som \u013eah\u0161\u00edmi t\u00farami a\u017e som dospel do \u0161t\u00e1dia, \u017ee \u010do si zaumienim, to &#8222;vyleziem&#8220; alebo &#8222;prejdem&#8220; \ud83d\ude42 . Na mojom webe n\u00e1jdete popisy, postrehy, fotky z mojich turistick\u00fdch v\u00fdprav z r\u00f4znych kraj\u00edn ako Slovensko, Rak\u00fasko, Chorv\u00e1tsko, Bosna a Hercegovina, \u010cierna Hora, Alb\u00e1nsko. Najrad\u0161ej m\u00e1m Balk\u00e1nsky regi\u00f3n, ktor\u00fd sa sna\u017e\u00edm nav\u0161tevova\u0165 pri ka\u017edej mo\u017enej pr\u00edle\u017eitosti.<\/p>\n<p>Pr\u00edjemn\u00e9 \u010d\u00edtanie \ud83d\ude42 &#8230;<\/p>\n<p>&nbsp;<\/p>\n","protected":false},"excerpt":{"rendered":"<p>&nbsp; &nbsp; Vol\u00e1m sa Viktor, som zo Slovenska a milujem hiking. V\u017edy som mal r\u00e1d pr\u00edrodu a hory, ale a\u017e po\u010das obdobia COVIDu sa m\u00f4j postoj zmenil a\u017e na &#8222;posadnutos\u0165&#8220;. Za\u010d\u00ednal som \u013eah\u0161\u00edmi t\u00farami a\u017e som dospel do \u0161t\u00e1dia, \u017ee \u010do si zaumienim, to &#8222;vyleziem&#8220; alebo &#8222;prejdem&#8220; \ud83d\ude42 . Na mojom webe n\u00e1jdete popisy, postrehy, [&hellip;]<\/p>\n","protected":false},"author":1,"featured_media":18,"parent":0,"menu_order":0,"comment_status":"closed","ping_status":"open","template":"","meta":{"footnotes":""},"class_list":["post-2","page","type-page","status-publish","has-post-thumbnail","hentry"],"_links":{"self":[{"href":"https:\/\/unstoppablehiker.blog\/index.php?rest_route=\/wp\/v2\/pages\/2","targetHints":{"allow":["GET"]}}],"collection":[{"href":"https:\/\/unstoppablehiker.blog\/index.php?rest_route=\/wp\/v2\/pages"}],"about":[{"href":"https:\/\/unstoppablehiker.blog\/index.php?rest_route=\/wp\/v2\/types\/page"}],"author":[{"embeddable":true,"href":"https:\/\/unstoppablehiker.blog\/index.php?rest_route=\/wp\/v2\/users\/1"}],"replies":[{"embeddable":true,"href":"https:\/\/unstoppablehiker.blog\/index.php?rest_route=%2Fwp%2Fv2%2Fcomments&post=2"}],"version-history":[{"count":5,"href":"https:\/\/unstoppablehiker.blog\/index.php?rest_route=\/wp\/v2\/pages\/2\/revisions"}],"predecessor-version":[{"id":52,"href":"https:\/\/unstoppablehiker.blog\/index.php?rest_route=\/wp\/v2\/pages\/2\/revisions\/52"}],"wp:featuredmedia":[{"embeddable":true,"href":"https:\/\/unstoppablehiker.blog\/index.php?rest_route=\/wp\/v2\/media\/18"}],"wp:attachment":[{"href":"https:\/\/unstoppablehiker.blog\/index.php?rest_route=%2Fwp%2Fv2%2Fmedia&parent=2"}],"curies":[{"name":"wp","href":"https:\/\/api.w.org\/{rel}","templated":true}]}}